{"id":75218,"date":"2019-06-06T15:43:10","date_gmt":"2019-06-06T13:43:10","guid":{"rendered":"https:\/\/pixberg.de\/home\/"},"modified":"2019-06-20T19:29:47","modified_gmt":"2019-06-20T17:29:47","slug":"home","status":"publish","type":"page","link":"https:\/\/pixberg.de\/en\/","title":{"rendered":"Home"},"content":{"rendered":"<div class=\"wpb-content-wrapper\"><p>[vc_row unlock_row_content=&#8221;yes&#8221; row_height_percent=&#8221;0&#8243; override_padding=&#8221;yes&#8221; h_padding=&#8221;0&#8243; top_padding=&#8221;0&#8243; bottom_padding=&#8221;0&#8243; overlay_alpha=&#8221;50&#8243; gutter_size=&#8221;3&#8243; column_width_percent=&#8221;100&#8243; shift_y=&#8221;0&#8243; z_index=&#8221;0&#8243;][vc_column width=&#8221;1\/1&#8243;]\n\t\t\t<!-- START Startseite REVOLUTION SLIDER 6.7.40 --><p class=\"rs-p-wp-fix\"><\/p>\n\t\t\t<rs-module-wrap id=\"rev_slider_1_1_wrapper\" data-source=\"gallery\" style=\"visibility:hidden;background:transparent;padding:0;margin:0px auto;margin-top:0;margin-bottom:0;\">\n\t\t\t\t<rs-module id=\"rev_slider_1_1\" style=\"\" data-version=\"6.7.40\">\n\t\t\t\t\t<rs-slides style=\"overflow: hidden; position: absolute;\">\n\t\t\t\t\t\t<rs-slide style=\"position: absolute;\" data-key=\"rs-10\" data-title=\"Slide\" data-thumb=\"\/\/pixberg.de\/wp-content\/uploads\/2019\/05\/startseite-header-bg-02-100x50.jpg\" data-anim=\"ms:2000;\" data-in=\"x:100%;\">\n\t\t\t\t\t\t\t<img decoding=\"async\" src=\"\/\/pixberg.de\/wp-content\/plugins\/revslider\/sr6\/assets\/assets\/dummy.png\" alt=\"\" title=\"Home\" class=\"rev-slidebg tp-rs-img rs-lazyload\" data-lazyload=\"\/\/pixberg.de\/wp-content\/uploads\/2019\/05\/startseite-header-bg-02.jpg\" data-bg=\"p:right center;\" data-parallax=\"off\" data-no-retina>\n<!--\n\t\t\t\t\t\t\t--><rs-group\n\t\t\t\t\t\t\t\tid=\"slider-1-slide-10-layer-4\" \n\t\t\t\t\t\t\t\tdata-type=\"group\"\n\t\t\t\t\t\t\t\tdata-xy=\"xo:0,0,35px,60px;y:m;yo:0,0,0,-15px;\"\n\t\t\t\t\t\t\t\tdata-text=\"l:22;a:inherit;\"\n\t\t\t\t\t\t\t\tdata-dim=\"w:701px,701px,700px,572px;h:310px,310px,180px,492px;\"\n\t\t\t\t\t\t\t\tdata-frame_0=\"x:left;o:1;tp:600;\"\n\t\t\t\t\t\t\t\tdata-frame_1=\"tp:600;e:power4.inOut;sp:2000;sR:10;\"\n\t\t\t\t\t\t\t\tdata-frame_999=\"x:left;tp:600;st:w;sp:2000;sR:2990;sA:5000;\"\n\t\t\t\t\t\t\t\tstyle=\"z-index:6;\"\n\t\t\t\t\t\t\t><!--\n\t\t\t\t\t\t\t\t--><rs-layer\n\t\t\t\t\t\t\t\t\tid=\"slider-1-slide-10-layer-7\" \n\t\t\t\t\t\t\t\t\tdata-type=\"text\"\n\t\t\t\t\t\t\t\t\tdata-rsp_ch=\"on\"\n\t\t\t\t\t\t\t\t\tdata-xy=\"yo:96px,96px,96px,184px;\"\n\t\t\t\t\t\t\t\t\tdata-pos=\"a\"\n\t\t\t\t\t\t\t\t\tdata-text=\"s:20,20,20,30;l:30,30,30,45;fw:300;a:inherit;\"\n\t\t\t\t\t\t\t\t\tdata-vbility=\"f,f,f,t\"\n\t\t\t\t\t\t\t\t\tdata-padding=\"t:20;\"\n\t\t\t\t\t\t\t\t\tdata-frame_0=\"tp:600;\"\n\t\t\t\t\t\t\t\t\tdata-frame_1=\"tp:600;\"\n\t\t\t\t\t\t\t\t\tdata-frame_999=\"o:0;tp:600;st:w;sR:4990;\"\n\t\t\t\t\t\t\t\t\tstyle=\"z-index:11;font-family:'Roboto';\"\n\t\t\t\t\t\t\t\t>Precision and high stability is<br>\nwhat distinguishes our products.<br>\nDiscover the variety of our<br>\nproducts on our webpage! \n\t\t\t\t\t\t\t\t<\/rs-layer><!--\n\n\t\t\t\t\t\t\t\t--><rs-layer\n\t\t\t\t\t\t\t\t\tid=\"slider-1-slide-10-layer-6\" \n\t\t\t\t\t\t\t\t\tdata-type=\"text\"\n\t\t\t\t\t\t\t\t\tdata-rsp_ch=\"on\"\n\t\t\t\t\t\t\t\t\tdata-xy=\"\"\n\t\t\t\t\t\t\t\t\tdata-pos=\"a\"\n\t\t\t\t\t\t\t\t\tdata-text=\"s:40,40,40,50;l:48,48,48,60;fw:700;a:inherit;\"\n\t\t\t\t\t\t\t\t\tdata-vbility=\"f,f,f,t\"\n\t\t\t\t\t\t\t\t\tdata-frame_0=\"tp:600;\"\n\t\t\t\t\t\t\t\t\tdata-frame_1=\"tp:600;\"\n\t\t\t\t\t\t\t\t\tdata-frame_999=\"o:0;tp:600;st:w;sR:4990;\"\n\t\t\t\t\t\t\t\t\tstyle=\"z-index:10;font-family:'Roboto Condensed';\"\n\t\t\t\t\t\t\t\t>With weaving reeds<br>\nfrom Pixberg to<br>\nperfect fabrics. \n\t\t\t\t\t\t\t\t<\/rs-layer><!--\n\n\t\t\t\t\t\t\t\t--><rs-layer\n\t\t\t\t\t\t\t\t\tid=\"slider-1-slide-10-layer-2\" \n\t\t\t\t\t\t\t\t\tdata-type=\"text\"\n\t\t\t\t\t\t\t\t\tdata-rsp_ch=\"on\"\n\t\t\t\t\t\t\t\t\tdata-xy=\"yo:96px;\"\n\t\t\t\t\t\t\t\t\tdata-pos=\"a\"\n\t\t\t\t\t\t\t\t\tdata-text=\"l:30;fw:300;a:inherit;\"\n\t\t\t\t\t\t\t\t\tdata-vbility=\"t,t,f,f\"\n\t\t\t\t\t\t\t\t\tdata-padding=\"t:20;\"\n\t\t\t\t\t\t\t\t\tdata-frame_0=\"tp:600;\"\n\t\t\t\t\t\t\t\t\tdata-frame_1=\"tp:600;\"\n\t\t\t\t\t\t\t\t\tdata-frame_999=\"o:0;tp:600;st:w;sR:4990;\"\n\t\t\t\t\t\t\t\t\tstyle=\"z-index:9;font-family:'Roboto';\"\n\t\t\t\t\t\t\t\t>Precision and high stability is what distinguishes<br>\nour products. Discover the variety of our products<br>\non our webpage! \n\t\t\t\t\t\t\t\t<\/rs-layer><!--\n\n\t\t\t\t\t\t\t\t--><rs-layer\n\t\t\t\t\t\t\t\t\tid=\"slider-1-slide-10-layer-3\" \n\t\t\t\t\t\t\t\t\tclass=\"rev-btn\"\n\t\t\t\t\t\t\t\t\tdata-type=\"button\"\n\t\t\t\t\t\t\t\t\tdata-color=\"rgba(255,255,255,1)\"\n\t\t\t\t\t\t\t\t\tdata-xy=\"xo:0,0,0,1px;yo:206px,206px,76px,344px;\"\n\t\t\t\t\t\t\t\t\tdata-pos=\"a\"\n\t\t\t\t\t\t\t\t\tdata-text=\"s:18;l:18;a:inherit;\"\n\t\t\t\t\t\t\t\t\tdata-rsp_bd=\"off\"\n\t\t\t\t\t\t\t\t\tdata-margin=\"t:50px;\"\n\t\t\t\t\t\t\t\t\tdata-padding=\"t:16;r:47;b:16;l:47;\"\n\t\t\t\t\t\t\t\t\tdata-border=\"bos:solid;boc:#e40613;bow:1px,1px,1px,1px;\"\n\t\t\t\t\t\t\t\t\tdata-frame_0=\"tp:600;\"\n\t\t\t\t\t\t\t\t\tdata-frame_1=\"tp:600;\"\n\t\t\t\t\t\t\t\t\tdata-frame_999=\"o:0;tp:600;st:w;sR:4990;\"\n\t\t\t\t\t\t\t\t\tdata-frame_hover=\"c:#e40613;bgc:#fff;boc:#e40613;bor:0px,0px,0px,0px;bos:solid;bow:1px,1px,1px,1px;oX:50;oY:50;sp:150;e:power4.inOut;\"\n\t\t\t\t\t\t\t\t\tstyle=\"z-index:8;background-color:#e40613;font-family:'Roboto Condensed';text-transform:uppercase;outline:none;box-shadow:none;box-sizing:border-box;-moz-box-sizing:border-box;-webkit-box-sizing:border-box;\"\n\t\t\t\t\t\t\t\t>To the products \n\t\t\t\t\t\t\t\t<\/rs-layer><!--\n\n\t\t\t\t\t\t\t\t--><rs-layer\n\t\t\t\t\t\t\t\t\tid=\"slider-1-slide-10-layer-1\" \n\t\t\t\t\t\t\t\t\tdata-type=\"text\"\n\t\t\t\t\t\t\t\t\tdata-rsp_ch=\"on\"\n\t\t\t\t\t\t\t\t\tdata-xy=\"\"\n\t\t\t\t\t\t\t\t\tdata-pos=\"a\"\n\t\t\t\t\t\t\t\t\tdata-text=\"s:40;l:48;fw:700;a:inherit;\"\n\t\t\t\t\t\t\t\t\tdata-vbility=\"t,t,t,f\"\n\t\t\t\t\t\t\t\t\tdata-frame_0=\"tp:600;\"\n\t\t\t\t\t\t\t\t\tdata-frame_1=\"tp:600;\"\n\t\t\t\t\t\t\t\t\tdata-frame_999=\"o:0;tp:600;st:w;sR:4990;\"\n\t\t\t\t\t\t\t\t\tstyle=\"z-index:7;font-family:'Roboto Condensed';\"\n\t\t\t\t\t\t\t\t>With weaving reeds from<br>\nPixberg to perfect fabrics.  \n\t\t\t\t\t\t\t\t<\/rs-layer><!--\n\t\t\t\t\t\t\t--><\/rs-group><!--\n\n\t\t\t\t\t\t\t--><rs-layer\n\t\t\t\t\t\t\t\tid=\"slider-1-slide-10-layer-8\" \n\t\t\t\t\t\t\t\tclass=\"tp-shape tp-shapewrapper\"\n\t\t\t\t\t\t\t\tdata-type=\"shape\"\n\t\t\t\t\t\t\t\tdata-rsp_ch=\"on\"\n\t\t\t\t\t\t\t\tdata-xy=\"x:c;y:m;\"\n\t\t\t\t\t\t\t\tdata-text=\"a:inherit;\"\n\t\t\t\t\t\t\t\tdata-dim=\"w:100%;h:100%;\"\n\t\t\t\t\t\t\t\tdata-vbility=\"f,f,f,t\"\n\t\t\t\t\t\t\t\tdata-frame_0=\"tp:600;\"\n\t\t\t\t\t\t\t\tdata-frame_1=\"tp:600;sp:2000;sR:10;\"\n\t\t\t\t\t\t\t\tdata-frame_999=\"o:0;tp:600;e:power2.in;st:w;sp:1000;sR:2990;\"\n\t\t\t\t\t\t\t\tstyle=\"z-index:5;background-color:rgba(0,0,0,0.5);\"\n\t\t\t\t\t\t\t> \n\t\t\t\t\t\t\t<\/rs-layer><!--\n-->\t\t\t\t\t<\/rs-slide>\n\t\t\t\t\t\t<rs-slide style=\"position: absolute;\" data-key=\"rs-9\" data-title=\"Slide\" data-thumb=\"\/\/pixberg.de\/wp-content\/uploads\/2019\/05\/startseite-header-bg-01-100x50.jpg\" data-anim=\"ms:2000;\" data-in=\"x:100%;\">\n\t\t\t\t\t\t\t<img decoding=\"async\" src=\"\/\/pixberg.de\/wp-content\/plugins\/revslider\/sr6\/assets\/assets\/dummy.png\" alt=\"\" title=\"Home\" class=\"rev-slidebg tp-rs-img rs-lazyload\" data-lazyload=\"\/\/pixberg.de\/wp-content\/uploads\/2019\/05\/startseite-header-bg-01.jpg\" data-parallax=\"off\" data-no-retina>\n<!--\n\t\t\t\t\t\t\t--><rs-group\n\t\t\t\t\t\t\t\tid=\"slider-1-slide-9-layer-4\" \n\t\t\t\t\t\t\t\tdata-type=\"group\"\n\t\t\t\t\t\t\t\tdata-xy=\"xo:0,0,35px,60px;y:m;yo:0,0,0,-15px;\"\n\t\t\t\t\t\t\t\tdata-text=\"l:22;a:inherit;\"\n\t\t\t\t\t\t\t\tdata-dim=\"w:701px,701px,700px,572px;h:310px,310px,180px,492px;\"\n\t\t\t\t\t\t\t\tdata-frame_0=\"x:left;o:1;tp:600;\"\n\t\t\t\t\t\t\t\tdata-frame_1=\"tp:600;e:power4.inOut;sp:2000;sR:10;\"\n\t\t\t\t\t\t\t\tdata-frame_999=\"x:left;tp:600;st:w;sp:2000;sR:2990;sA:5000;\"\n\t\t\t\t\t\t\t\tstyle=\"z-index:5;\"\n\t\t\t\t\t\t\t><!--\n\t\t\t\t\t\t\t\t--><rs-layer\n\t\t\t\t\t\t\t\t\tid=\"slider-1-slide-9-layer-7\" \n\t\t\t\t\t\t\t\t\tdata-type=\"text\"\n\t\t\t\t\t\t\t\t\tdata-color=\"#000000\"\n\t\t\t\t\t\t\t\t\tdata-rsp_ch=\"on\"\n\t\t\t\t\t\t\t\t\tdata-xy=\"yo:96px,96px,96px,184px;\"\n\t\t\t\t\t\t\t\t\tdata-pos=\"a\"\n\t\t\t\t\t\t\t\t\tdata-text=\"s:20,20,20,30;l:30,30,30,45;fw:300;a:inherit;\"\n\t\t\t\t\t\t\t\t\tdata-vbility=\"f,f,f,t\"\n\t\t\t\t\t\t\t\t\tdata-padding=\"t:20;\"\n\t\t\t\t\t\t\t\t\tdata-frame_0=\"tp:600;\"\n\t\t\t\t\t\t\t\t\tdata-frame_1=\"tp:600;\"\n\t\t\t\t\t\t\t\t\tdata-frame_999=\"o:0;tp:600;st:w;sR:4990;\"\n\t\t\t\t\t\t\t\t\tstyle=\"z-index:10;font-family:'Roboto';\"\n\t\t\t\t\t\t\t\t>Precision and high stability is <br>\nwhat distinguishes our products. <br>\nDiscoverthe variety of our <br>\nproducts on our webpage! \n\t\t\t\t\t\t\t\t<\/rs-layer><!--\n\n\t\t\t\t\t\t\t\t--><rs-layer\n\t\t\t\t\t\t\t\t\tid=\"slider-1-slide-9-layer-6\" \n\t\t\t\t\t\t\t\t\tdata-type=\"text\"\n\t\t\t\t\t\t\t\t\tdata-color=\"#000000\"\n\t\t\t\t\t\t\t\t\tdata-rsp_ch=\"on\"\n\t\t\t\t\t\t\t\t\tdata-xy=\"\"\n\t\t\t\t\t\t\t\t\tdata-pos=\"a\"\n\t\t\t\t\t\t\t\t\tdata-text=\"s:40,40,40,50;l:48,48,48,60;fw:700;a:inherit;\"\n\t\t\t\t\t\t\t\t\tdata-vbility=\"f,f,f,t\"\n\t\t\t\t\t\t\t\t\tdata-frame_0=\"tp:600;\"\n\t\t\t\t\t\t\t\t\tdata-frame_1=\"tp:600;\"\n\t\t\t\t\t\t\t\t\tdata-frame_999=\"o:0;tp:600;st:w;sR:4990;\"\n\t\t\t\t\t\t\t\t\tstyle=\"z-index:9;font-family:'Roboto Condensed';\"\n\t\t\t\t\t\t\t\t>With weaving reeds<br>\nfrom Pixberg to<br>\nperfect fabrics.\n \n\t\t\t\t\t\t\t\t<\/rs-layer><!--\n\n\t\t\t\t\t\t\t\t--><rs-layer\n\t\t\t\t\t\t\t\t\tid=\"slider-1-slide-9-layer-2\" \n\t\t\t\t\t\t\t\t\tdata-type=\"text\"\n\t\t\t\t\t\t\t\t\tdata-color=\"#000000\"\n\t\t\t\t\t\t\t\t\tdata-rsp_ch=\"on\"\n\t\t\t\t\t\t\t\t\tdata-xy=\"yo:96px;\"\n\t\t\t\t\t\t\t\t\tdata-pos=\"a\"\n\t\t\t\t\t\t\t\t\tdata-text=\"l:30;fw:300;a:inherit;\"\n\t\t\t\t\t\t\t\t\tdata-vbility=\"t,t,f,f\"\n\t\t\t\t\t\t\t\t\tdata-padding=\"t:20;\"\n\t\t\t\t\t\t\t\t\tdata-frame_0=\"tp:600;\"\n\t\t\t\t\t\t\t\t\tdata-frame_1=\"tp:600;\"\n\t\t\t\t\t\t\t\t\tdata-frame_999=\"o:0;tp:600;st:w;sR:4990;\"\n\t\t\t\t\t\t\t\t\tstyle=\"z-index:8;font-family:'Roboto';\"\n\t\t\t\t\t\t\t\t>Precision and high stability is what distinguishes<br>\nour products. Discover the variety of our products<br>\non our webpage!  \n\t\t\t\t\t\t\t\t<\/rs-layer><!--\n\n\t\t\t\t\t\t\t\t--><rs-layer\n\t\t\t\t\t\t\t\t\tid=\"slider-1-slide-9-layer-3\" \n\t\t\t\t\t\t\t\t\tclass=\"rev-btn\"\n\t\t\t\t\t\t\t\t\tdata-type=\"button\"\n\t\t\t\t\t\t\t\t\tdata-color=\"rgba(255,255,255,1)\"\n\t\t\t\t\t\t\t\t\tdata-xy=\"xo:0,0,0,1px;yo:206px,206px,76px,344px;\"\n\t\t\t\t\t\t\t\t\tdata-pos=\"a\"\n\t\t\t\t\t\t\t\t\tdata-text=\"s:18;l:18;a:inherit;\"\n\t\t\t\t\t\t\t\t\tdata-rsp_bd=\"off\"\n\t\t\t\t\t\t\t\t\tdata-margin=\"t:50px;\"\n\t\t\t\t\t\t\t\t\tdata-padding=\"t:16;r:47;b:16;l:47;\"\n\t\t\t\t\t\t\t\t\tdata-border=\"bos:solid;boc:#e40613;bow:1px,1px,1px,1px;\"\n\t\t\t\t\t\t\t\t\tdata-frame_0=\"tp:600;\"\n\t\t\t\t\t\t\t\t\tdata-frame_1=\"tp:600;\"\n\t\t\t\t\t\t\t\t\tdata-frame_999=\"o:0;tp:600;st:w;sR:4990;\"\n\t\t\t\t\t\t\t\t\tdata-frame_hover=\"c:#e40613;bgc:#fff;boc:#e40613;bor:0px,0px,0px,0px;bos:solid;bow:1px,1px,1px,1px;oX:50;oY:50;sp:150;e:power4.inOut;\"\n\t\t\t\t\t\t\t\t\tstyle=\"z-index:7;background-color:#e40613;font-family:'Roboto Condensed';text-transform:uppercase;outline:none;box-shadow:none;box-sizing:border-box;-moz-box-sizing:border-box;-webkit-box-sizing:border-box;\"\n\t\t\t\t\t\t\t\t>To the products \n\t\t\t\t\t\t\t\t<\/rs-layer><!--\n\n\t\t\t\t\t\t\t\t--><rs-layer\n\t\t\t\t\t\t\t\t\tid=\"slider-1-slide-9-layer-1\" \n\t\t\t\t\t\t\t\t\tdata-type=\"text\"\n\t\t\t\t\t\t\t\t\tdata-color=\"#000000\"\n\t\t\t\t\t\t\t\t\tdata-rsp_ch=\"on\"\n\t\t\t\t\t\t\t\t\tdata-xy=\"\"\n\t\t\t\t\t\t\t\t\tdata-pos=\"a\"\n\t\t\t\t\t\t\t\t\tdata-text=\"s:40;l:48;fw:700;a:inherit;\"\n\t\t\t\t\t\t\t\t\tdata-vbility=\"t,t,t,f\"\n\t\t\t\t\t\t\t\t\tdata-frame_0=\"tp:600;\"\n\t\t\t\t\t\t\t\t\tdata-frame_1=\"tp:600;\"\n\t\t\t\t\t\t\t\t\tdata-frame_999=\"o:0;tp:600;st:w;sR:4990;\"\n\t\t\t\t\t\t\t\t\tstyle=\"z-index:6;font-family:'Roboto Condensed';\"\n\t\t\t\t\t\t\t\t>With weaving reeds from<br>\nPixberg to perfect fabrics.  \n\t\t\t\t\t\t\t\t<\/rs-layer><!--\n\t\t\t\t\t\t\t--><\/rs-group><!--\n-->\t\t\t\t\t<\/rs-slide>\n\t\t\t\t\t<\/rs-slides>\n\t\t\t\t<\/rs-module>\n\t\t\t\t<script>\n\t\t\t\t\tsetREVStartSize({c: 'rev_slider_1_1',rl:[1128,1128,778,480],el:[],gw:[1128,1128,750,640],gh:[620,620,250,720],type:'standard',justify:'',layout:'fullwidth',mh:\"0\"});if (window.RS_MODULES!==undefined && window.RS_MODULES.modules!==undefined && window.RS_MODULES.modules[\"revslider11\"]!==undefined) {window.RS_MODULES.modules[\"revslider11\"].once = false;window.revapi1 = undefined;if (window.RS_MODULES.checkMinimal!==undefined) window.RS_MODULES.checkMinimal()}\n\t\t\t\t<\/script>\n\t\t\t<\/rs-module-wrap>\n\t\t\t<!-- END REVOLUTION SLIDER -->\n[\/vc_column][\/vc_row][vc_row row_height_percent=&#8221;0&#8243; override_padding=&#8221;yes&#8221; h_padding=&#8221;2&#8243; top_padding=&#8221;2&#8243; bottom_padding=&#8221;3&#8243; back_color=&#8221;color-xsdn&#8221; overlay_alpha=&#8221;100&#8243; equal_height=&#8221;yes&#8221; gutter_size=&#8221;100&#8243; column_width_percent=&#8221;100&#8243; shift_y=&#8221;-3&#8243; z_index=&#8221;0&#8243; style=&#8221;inherited&#8221;][vc_column column_width_percent=&#8221;100&#8243; position_horizontal=&#8221;left&#8221; back_color=&#8221;color-xsdn&#8221; overlay_alpha=&#8221;100&#8243; gutter_size=&#8221;3&#8243; border_color=&#8221;pb-red&#8221; border_style=&#8221;solid&#8221; medium_width=&#8221;0&#8243; mobile_width=&#8221;0&#8243; shift_x=&#8221;0&#8243; shift_y=&#8221;0&#8243; shift_y_down=&#8221;0&#8243; z_index=&#8221;0&#8243; shadow=&#8221;sm&#8221; zoom_width=&#8221;0&#8243; zoom_height=&#8221;0&#8243; width=&#8221;1\/3&#8243; el_class=&#8221;header-block header-highlight&#8221;][vc_column_text]<\/p>\n<h3>Manufactory<\/h3>\n<p>Each product can be individually discussed with the customer and is then manufactured. This is the only way we are able to do justice to the variability of the textile industry and to precisely implement the individual specifications of our customers &#8211; from the prototype to the series product.[\/vc_column_text][\/vc_column][vc_column column_width_percent=&#8221;100&#8243; position_horizontal=&#8221;left&#8221; back_color=&#8221;color-xsdn&#8221; overlay_alpha=&#8221;100&#8243; gutter_size=&#8221;3&#8243; medium_width=&#8221;0&#8243; mobile_width=&#8221;0&#8243; shift_x=&#8221;0&#8243; shift_y=&#8221;0&#8243; shift_y_down=&#8221;0&#8243; z_index=&#8221;0&#8243; shadow=&#8221;sm&#8221; zoom_width=&#8221;0&#8243; zoom_height=&#8221;0&#8243; width=&#8221;1\/3&#8243; el_class=&#8221;header-block header-highlight&#8221;][vc_column_text]<\/p>\n<h3>Precision<\/h3>\n<p>Our reeds are characterized by a high reproducible dimensional accuracy with minimal deviations. High quality standards in material and production guarantee a high and durable stability of the products.[\/vc_column_text][\/vc_column][vc_column column_width_percent=&#8221;100&#8243; position_horizontal=&#8221;left&#8221; back_color=&#8221;color-xsdn&#8221; overlay_alpha=&#8221;100&#8243; gutter_size=&#8221;3&#8243; medium_width=&#8221;0&#8243; mobile_width=&#8221;0&#8243; shift_x=&#8221;0&#8243; shift_y=&#8221;0&#8243; shift_y_down=&#8221;0&#8243; z_index=&#8221;0&#8243; shadow=&#8221;sm&#8221; zoom_width=&#8221;0&#8243; zoom_height=&#8221;0&#8243; width=&#8221;1\/3&#8243; el_class=&#8221;header-block header-highlight&#8221;][vc_column_text]<\/p>\n<h3>Worldwide<\/h3>\n<p>We supply customers and maintain cooperations worldwide. Due to the constant international exchange we are able to meet the high standards of the textile industry worldwide.[\/vc_column_text][\/vc_column][\/vc_row][vc_row row_height_percent=&#8221;0&#8243; override_padding=&#8221;yes&#8221; h_padding=&#8221;2&#8243; top_padding=&#8221;4&#8243; bottom_padding=&#8221;4&#8243; back_image=&#8221;73711&#8243; parallax=&#8221;yes&#8221; overlay_alpha=&#8221;90&#8243; gutter_size=&#8221;3&#8243; column_width_percent=&#8221;100&#8243; shift_y=&#8221;0&#8243; z_index=&#8221;0&#8243; el_class=&#8221;bg-multiply-red&#8221;][vc_column width=&#8221;1\/1&#8243;][vc_column_text el_class=&#8221;white-text&#8221;]<\/p>\n<h2 style=\"color: white;\">Since 1901 your expert for weaving reeds and textile accessories<\/h2>\n<p style=\"color: white;\">Since 1901, Pixberg products have stood for quality, precision and stability. Over 100 years of experience in the production of weaving reeds, warp beams and textile accessories flow into the manufacturing process of our products. We are committed to this tradition and always try to set new standards in terms of dimensional accuracy and stability of weaving reeds and warp beams by constantly rethinking all production steps in cooperation with customers and experts from universities worldwide. In this way we can make a decisive contribution to high-quality and precise fabrics through our products.<\/p>\n<p>[\/vc_column_text][\/vc_column][\/vc_row][vc_row row_height_percent=&#8221;0&#8243; override_padding=&#8221;yes&#8221; h_padding=&#8221;2&#8243; top_padding=&#8221;4&#8243; bottom_padding=&#8221;4&#8243; back_image=&#8221;73728&#8243; overlay_alpha=&#8221;90&#8243; gutter_size=&#8221;3&#8243; column_width_percent=&#8221;100&#8243; shift_y=&#8221;0&#8243; z_index=&#8221;0&#8243; el_class=&#8221;bg-multiply-red&#8221;][vc_column column_width_percent=&#8221;60&#8243; position_horizontal=&#8221;right&#8221; overlay_alpha=&#8221;50&#8243; gutter_size=&#8221;3&#8243; medium_width=&#8221;0&#8243; mobile_width=&#8221;0&#8243; shift_x=&#8221;0&#8243; shift_y=&#8221;0&#8243; shift_y_down=&#8221;0&#8243; z_index=&#8221;0&#8243; width=&#8221;1\/1&#8243;][vc_column_text el_class=&#8221;white-text&#8221;]<\/p>\n<h2>With focus on your requirements we offer you individual solutions<\/h2>\n<p>The finished fabrics are influenced by a number of different factors and different reed shapes. Discover here the variety of our product range and the various possibilities of adaptation. Individual production and precise implementation of your specifications for your reed are our top priorities. Take the opportunity to configure your individual reed or your individual warp beam on the basis of technical drawings and send us an inquiry.[\/vc_column_text][vc_button button_color=&#8221;pb-red&#8221; size=&#8221;btn-xl&#8221; radius=&#8221;btn-square&#8221; border_width=&#8221;0&#8243; link=&#8221;url:https%3A%2F%2Fpixberg.de%2Fen%2Frequest%2F|title:Request||&#8221;]Make individual request[\/vc_button][\/vc_column][\/vc_row]<\/p>\n<\/div>","protected":false},"excerpt":{"rendered":"<p>[vc_row unlock_row_content=&#8221;yes&#8221; row_height_percent=&#8221;0&#8243; override_padding=&#8221;yes&#8221; h_padding=&#8221;0&#8243; top_padding=&#8221;0&#8243; bottom_padding=&#8221;0&#8243; overlay_alpha=&#8221;50&#8243; gutter_size=&#8221;3&#8243; column_width_percent=&#8221;100&#8243; shift_y=&#8221;0&#8243; z_index=&#8221;0&#8243;][vc_column width=&#8221;1\/1&#8243;][\/vc_column][\/vc_row][vc_row row_height_percent=&#8221;0&#8243; override_padding=&#8221;yes&#8221; h_padding=&#8221;2&#8243; top_padding=&#8221;2&#8243; bottom_padding=&#8221;3&#8243; back_color=&#8221;color-xsdn&#8221; overlay_alpha=&#8221;100&#8243; [&hellip;]<\/p>\n","protected":false},"author":1,"featured_media":0,"parent":0,"menu_order":0,"comment_status":"closed","ping_status":"closed","template":"","meta":{"footnotes":""},"class_list":["post-75218","page","type-page","status-publish","hentry"],"yoast_head":"<!-- This site is optimized with the Yoast SEO plugin v27.3 - https:\/\/yoast.com\/product\/yoast-seo-wordpress\/ -->\n<title>Pixberg GmbH | Webblatt-Technologien aus Wuppertal f\u00fcr die Welt<\/title>\n<meta name=\"description\" content=\"Seit 1901 stehen die Webbl\u00e4tter, Kettscheiben und Zubeh\u00f6rprodukte f\u00fcr die Textilindustrie der Firma Pixberg f\u00fcr Qualit\u00e4t, Pr\u00e4zision und Stabilit\u00e4t.\" \/>\n<meta name=\"robots\" content=\"index, follow, max-snippet:-1, max-image-preview:large, max-video-preview:-1\" \/>\n<link rel=\"canonical\" href=\"https:\/\/pixberg.de\/en\/\" \/>\n<meta property=\"og:locale\" content=\"en_US\" \/>\n<meta property=\"og:type\" content=\"article\" \/>\n<meta property=\"og:title\" content=\"Pixberg GmbH | Webblatt-Technologien aus Wuppertal f\u00fcr die Welt\" \/>\n<meta property=\"og:description\" content=\"Seit 1901 stehen die Webbl\u00e4tter, Kettscheiben und Zubeh\u00f6rprodukte f\u00fcr die Textilindustrie der Firma Pixberg f\u00fcr Qualit\u00e4t, Pr\u00e4zision und Stabilit\u00e4t.\" \/>\n<meta property=\"og:url\" content=\"https:\/\/pixberg.de\/en\/\" \/>\n<meta property=\"og:site_name\" content=\"Pixberg GmbH\" \/>\n<meta property=\"article:modified_time\" content=\"2019-06-20T17:29:47+00:00\" \/>\n<meta name=\"twitter:card\" content=\"summary_large_image\" \/>\n<meta name=\"twitter:label1\" content=\"Est. reading time\" \/>\n\t<meta name=\"twitter:data1\" content=\"3 minutes\" \/>\n<script type=\"application\/ld+json\" class=\"yoast-schema-graph\">{\"@context\":\"https:\\\/\\\/schema.org\",\"@graph\":[{\"@type\":\"WebPage\",\"@id\":\"https:\\\/\\\/pixberg.de\\\/en\\\/\",\"url\":\"https:\\\/\\\/pixberg.de\\\/en\\\/\",\"name\":\"Pixberg GmbH | Webblatt-Technologien aus Wuppertal f\u00fcr die Welt\",\"isPartOf\":{\"@id\":\"https:\\\/\\\/pixberg.de\\\/en\\\/#website\"},\"datePublished\":\"2019-06-06T13:43:10+00:00\",\"dateModified\":\"2019-06-20T17:29:47+00:00\",\"description\":\"Seit 1901 stehen die Webbl\u00e4tter, Kettscheiben und Zubeh\u00f6rprodukte f\u00fcr die Textilindustrie der Firma Pixberg f\u00fcr Qualit\u00e4t, Pr\u00e4zision und Stabilit\u00e4t.\",\"breadcrumb\":{\"@id\":\"https:\\\/\\\/pixberg.de\\\/en\\\/#breadcrumb\"},\"inLanguage\":\"en-US\",\"potentialAction\":[{\"@type\":\"ReadAction\",\"target\":[\"https:\\\/\\\/pixberg.de\\\/en\\\/\"]}]},{\"@type\":\"BreadcrumbList\",\"@id\":\"https:\\\/\\\/pixberg.de\\\/en\\\/#breadcrumb\",\"itemListElement\":[{\"@type\":\"ListItem\",\"position\":1,\"name\":\"Home\",\"item\":\"https:\\\/\\\/pixberg.de\\\/en\\\/\"},{\"@type\":\"ListItem\",\"position\":2,\"name\":\"Home\"}]},{\"@type\":\"WebSite\",\"@id\":\"https:\\\/\\\/pixberg.de\\\/en\\\/#website\",\"url\":\"https:\\\/\\\/pixberg.de\\\/en\\\/\",\"name\":\"Pixberg GmbH\",\"description\":\"Webblatt Technologien\",\"publisher\":{\"@id\":\"https:\\\/\\\/pixberg.de\\\/en\\\/#organization\"},\"potentialAction\":[{\"@type\":\"SearchAction\",\"target\":{\"@type\":\"EntryPoint\",\"urlTemplate\":\"https:\\\/\\\/pixberg.de\\\/en\\\/?s={search_term_string}\"},\"query-input\":{\"@type\":\"PropertyValueSpecification\",\"valueRequired\":true,\"valueName\":\"search_term_string\"}}],\"inLanguage\":\"en-US\"},{\"@type\":\"Organization\",\"@id\":\"https:\\\/\\\/pixberg.de\\\/en\\\/#organization\",\"name\":\"Pixberg GmbH\",\"url\":\"https:\\\/\\\/pixberg.de\\\/en\\\/\",\"logo\":{\"@type\":\"ImageObject\",\"inLanguage\":\"en-US\",\"@id\":\"https:\\\/\\\/pixberg.de\\\/en\\\/#\\\/schema\\\/logo\\\/image\\\/\",\"url\":\"https:\\\/\\\/pixberg.de\\\/wp-content\\\/uploads\\\/2019\\\/05\\\/pixberg-logo.svg\",\"contentUrl\":\"https:\\\/\\\/pixberg.de\\\/wp-content\\\/uploads\\\/2019\\\/05\\\/pixberg-logo.svg\",\"width\":162191,\"height\":40,\"caption\":\"Pixberg GmbH\"},\"image\":{\"@id\":\"https:\\\/\\\/pixberg.de\\\/en\\\/#\\\/schema\\\/logo\\\/image\\\/\"}}]}<\/script>\n<!-- \/ Yoast SEO plugin. -->","yoast_head_json":{"title":"Pixberg GmbH | Webblatt-Technologien aus Wuppertal f\u00fcr die Welt","description":"Seit 1901 stehen die Webbl\u00e4tter, Kettscheiben und Zubeh\u00f6rprodukte f\u00fcr die Textilindustrie der Firma Pixberg f\u00fcr Qualit\u00e4t, Pr\u00e4zision und Stabilit\u00e4t.","robots":{"index":"index","follow":"follow","max-snippet":"max-snippet:-1","max-image-preview":"max-image-preview:large","max-video-preview":"max-video-preview:-1"},"canonical":"https:\/\/pixberg.de\/en\/","og_locale":"en_US","og_type":"article","og_title":"Pixberg GmbH | Webblatt-Technologien aus Wuppertal f\u00fcr die Welt","og_description":"Seit 1901 stehen die Webbl\u00e4tter, Kettscheiben und Zubeh\u00f6rprodukte f\u00fcr die Textilindustrie der Firma Pixberg f\u00fcr Qualit\u00e4t, Pr\u00e4zision und Stabilit\u00e4t.","og_url":"https:\/\/pixberg.de\/en\/","og_site_name":"Pixberg GmbH","article_modified_time":"2019-06-20T17:29:47+00:00","twitter_card":"summary_large_image","twitter_misc":{"Est. reading time":"3 minutes"},"schema":{"@context":"https:\/\/schema.org","@graph":[{"@type":"WebPage","@id":"https:\/\/pixberg.de\/en\/","url":"https:\/\/pixberg.de\/en\/","name":"Pixberg GmbH | Webblatt-Technologien aus Wuppertal f\u00fcr die Welt","isPartOf":{"@id":"https:\/\/pixberg.de\/en\/#website"},"datePublished":"2019-06-06T13:43:10+00:00","dateModified":"2019-06-20T17:29:47+00:00","description":"Seit 1901 stehen die Webbl\u00e4tter, Kettscheiben und Zubeh\u00f6rprodukte f\u00fcr die Textilindustrie der Firma Pixberg f\u00fcr Qualit\u00e4t, Pr\u00e4zision und Stabilit\u00e4t.","breadcrumb":{"@id":"https:\/\/pixberg.de\/en\/#breadcrumb"},"inLanguage":"en-US","potentialAction":[{"@type":"ReadAction","target":["https:\/\/pixberg.de\/en\/"]}]},{"@type":"BreadcrumbList","@id":"https:\/\/pixberg.de\/en\/#breadcrumb","itemListElement":[{"@type":"ListItem","position":1,"name":"Home","item":"https:\/\/pixberg.de\/en\/"},{"@type":"ListItem","position":2,"name":"Home"}]},{"@type":"WebSite","@id":"https:\/\/pixberg.de\/en\/#website","url":"https:\/\/pixberg.de\/en\/","name":"Pixberg GmbH","description":"Webblatt Technologien","publisher":{"@id":"https:\/\/pixberg.de\/en\/#organization"},"potentialAction":[{"@type":"SearchAction","target":{"@type":"EntryPoint","urlTemplate":"https:\/\/pixberg.de\/en\/?s={search_term_string}"},"query-input":{"@type":"PropertyValueSpecification","valueRequired":true,"valueName":"search_term_string"}}],"inLanguage":"en-US"},{"@type":"Organization","@id":"https:\/\/pixberg.de\/en\/#organization","name":"Pixberg GmbH","url":"https:\/\/pixberg.de\/en\/","logo":{"@type":"ImageObject","inLanguage":"en-US","@id":"https:\/\/pixberg.de\/en\/#\/schema\/logo\/image\/","url":"https:\/\/pixberg.de\/wp-content\/uploads\/2019\/05\/pixberg-logo.svg","contentUrl":"https:\/\/pixberg.de\/wp-content\/uploads\/2019\/05\/pixberg-logo.svg","width":162191,"height":40,"caption":"Pixberg GmbH"},"image":{"@id":"https:\/\/pixberg.de\/en\/#\/schema\/logo\/image\/"}}]}},"_links":{"self":[{"href":"https:\/\/pixberg.de\/en\/wp-json\/wp\/v2\/pages\/75218","targetHints":{"allow":["GET"]}}],"collection":[{"href":"https:\/\/pixberg.de\/en\/wp-json\/wp\/v2\/pages"}],"about":[{"href":"https:\/\/pixberg.de\/en\/wp-json\/wp\/v2\/types\/page"}],"author":[{"embeddable":true,"href":"https:\/\/pixberg.de\/en\/wp-json\/wp\/v2\/users\/1"}],"replies":[{"embeddable":true,"href":"https:\/\/pixberg.de\/en\/wp-json\/wp\/v2\/comments?post=75218"}],"version-history":[{"count":0,"href":"https:\/\/pixberg.de\/en\/wp-json\/wp\/v2\/pages\/75218\/revisions"}],"wp:attachment":[{"href":"https:\/\/pixberg.de\/en\/wp-json\/wp\/v2\/media?parent=75218"}],"curies":[{"name":"wp","href":"https:\/\/api.w.org\/{rel}","templated":true}]}}